{"id":273,"date":"2021-09-12T13:50:31","date_gmt":"2021-09-12T13:50:31","guid":{"rendered":"http:\/\/longgene.com.tr\/?page_id=273"},"modified":"2021-10-13T08:29:28","modified_gmt":"2021-10-13T08:29:28","slug":"a300-thermal-cycler","status":"publish","type":"page","link":"https:\/\/longgene.com.tr\/?page_id=273","title":{"rendered":"A300 Thermal Cycler"},"content":{"rendered":"\n<figure class=\"wp-block-image size-large\"><img loading=\"lazy\" width=\"1024\" height=\"1007\" src=\"http:\/\/longgene.com.tr\/wp-content\/uploads\/2021\/09\/A300-\u5e26\u6a21\u5757\u56fe\u7247-1024x1007.jpg\" alt=\"pcr, qpcr, rt pcr, qrt pcr, real time, real time per, thermal cycler, longgene, longGene.com.tr, ivd ce, biotechnology, LongGene europe, europe pcr, disgnostics, snp, absolute quantification, relative quantification, dna, cdna, thermal protocol, LongGene, long gene, end point pcr, covid19, fast pcr, polymerase chain reaction, A300, thermal cycler pcr, thermal cycler, \u0131s\u0131sal d\u00f6ng\u00fc, T20, T30, optimal, pzr\" class=\"wp-image-258\" srcset=\"https:\/\/longgene.com.tr\/wp-content\/uploads\/2021\/09\/A300-\u5e26\u6a21\u5757\u56fe\u7247-1024x1007.jpg 1024w, https:\/\/longgene.com.tr\/wp-content\/uploads\/2021\/09\/A300-\u5e26\u6a21\u5757\u56fe\u7247-300x295.jpg 300w, https:\/\/longgene.com.tr\/wp-content\/uploads\/2021\/09\/A300-\u5e26\u6a21\u5757\u56fe\u7247-768x756.jpg 768w, https:\/\/longgene.com.tr\/wp-content\/uploads\/2021\/09\/A300-\u5e26\u6a21\u5757\u56fe\u7247-1536x1511.jpg 1536w, https:\/\/longgene.com.tr\/wp-content\/uploads\/2021\/09\/A300-\u5e26\u6a21\u5757\u56fe\u7247.jpg 1601w\" sizes=\"(max-width: 1024px) 100vw, 1024px\" \/><\/figure>\n\n\n\n<p class=\"has-text-align-center\"><strong>96 Well Gradient Thermal Cycler PCR<\/strong><\/p>\n\n\n\n<figure class=\"wp-block-table is-style-stripes\"><table><thead><tr><th class=\"has-text-align-left\" data-align=\"left\">Specifications<\/th><th class=\"has-text-align-left\" data-align=\"left\">Model<\/th><\/tr><\/thead><tbody><tr><td class=\"has-text-align-left\" data-align=\"left\"><strong>Model&nbsp;<\/strong><\/td><td class=\"has-text-align-left\" data-align=\"left\"><strong>A300 <\/strong><\/td><\/tr><tr><td class=\"has-text-align-left\" data-align=\"left\">Optional Module<\/td><td class=\"has-text-align-left\" data-align=\"left\"><strong>96 Module : <\/strong>96 wells \u00d7 0.2ml  <strong>(<\/strong>Std)<br><strong>9677 Module :<\/strong> 96 \u00d7 0.2ml + 77 \u00d7 0.5ml (Combi Block) <em><span class=\"has-inline-color has-vivid-red-color\"><strong>  <\/strong><\/span><\/em><br><strong>Multi\uff0dpurpose Module : <\/strong>9677 Module + In-situ Adapter<br><strong>384 Module :<\/strong> 384 wells<\/td><\/tr><tr><td class=\"has-text-align-left\" data-align=\"left\">Heating\uff06Cooling&nbsp;Technology<\/td><td class=\"has-text-align-left\" data-align=\"left\">New generation Peltier technology allow 1,000,000 cycles<\/td><\/tr><tr><td class=\"has-text-align-left\" data-align=\"left\">Display<\/td><td class=\"has-text-align-left\" data-align=\"left\">7\u2019\u2019 Color Touch Screen, real-time graphical display<\/td><\/tr><tr><td class=\"has-text-align-left\" data-align=\"left\">Language<\/td><td class=\"has-text-align-left\" data-align=\"left\">English<\/td><\/tr><tr><td class=\"has-text-align-left\" data-align=\"left\">USB flash drive Function<\/td><td class=\"has-text-align-left\" data-align=\"left\">Unlimited storage of protocols with USB flash drive<\/td><\/tr><tr><td class=\"has-text-align-left\" data-align=\"left\">Communication Ports<\/td><td class=\"has-text-align-left\" data-align=\"left\">2 USB&amp;1 LAN<\/td><\/tr><tr><td class=\"has-text-align-left\" data-align=\"left\">Venting System<\/td><td class=\"has-text-align-left\" data-align=\"left\">Front air in \uff06back air out, two cyclers can be placed side by side<\/td><\/tr><tr><td class=\"has-text-align-left\" data-align=\"left\"><strong>TEMPERATURE<\/strong><\/td><\/tr><tr><td class=\"has-text-align-left\" data-align=\"left\">Block Temp. Rang<\/td><td class=\"has-text-align-left\" data-align=\"left\">0\u2103\uff0d105 \u2103<\/td><\/tr><tr><td class=\"has-text-align-left\" data-align=\"left\">Max.Heating Rate<\/td><td class=\"has-text-align-left\" data-align=\"left\">6 \u2103\/s<\/td><\/tr><tr><td class=\"has-text-align-left\" data-align=\"left\">Max.Cooling Rate<\/td><td class=\"has-text-align-left\" data-align=\"left\">5 \u2103\/s<\/td><\/tr><tr><td class=\"has-text-align-left\" data-align=\"left\">Temp.Uniformity<\/td><td class=\"has-text-align-left\" data-align=\"left\">\u2264\u00b10.2 \u2103<\/td><\/tr><tr><td class=\"has-text-align-left\" data-align=\"left\">Temp.Accuracy<\/td><td class=\"has-text-align-left\" data-align=\"left\">\u2264\u00b10.1 \u2103<\/td><\/tr><tr><td class=\"has-text-align-left\" data-align=\"left\">Display Resolution<\/td><td class=\"has-text-align-left\" data-align=\"left\">0.1 \u2103<\/td><\/tr><tr><td class=\"has-text-align-left\" data-align=\"left\">Ramping Rate Adjustable<\/td><td class=\"has-text-align-left\" data-align=\"left\">0.1\uff0d4.0 \u2103<\/td><\/tr><tr><td class=\"has-text-align-left\" data-align=\"left\">Mode Of Temp.Control<\/td><td class=\"has-text-align-left\" data-align=\"left\">Sim\uff0dtube \uff06 Block mode<\/td><\/tr><tr><td class=\"has-text-align-left\" data-align=\"left\"><strong>GRADIENT<\/strong><\/td><\/tr><tr><td class=\"has-text-align-left\" data-align=\"left\">Gradient Accuracy<\/td><td class=\"has-text-align-left\" data-align=\"left\">\u2264\u00b10.1 \u2103<\/td><\/tr><tr><td class=\"has-text-align-left\" data-align=\"left\">Column Uniformity<\/td><td class=\"has-text-align-left\" data-align=\"left\">\u2264\u00b10.2 \u2103<\/td><\/tr><tr><td class=\"has-text-align-left\" data-align=\"left\">Gradient Range<\/td><td class=\"has-text-align-left\" data-align=\"left\">30\u2103\uff0d105 \u2103<\/td><\/tr><tr><td class=\"has-text-align-left\" data-align=\"left\">Temp.Differential RangeGradient Capability<\/td><td class=\"has-text-align-left\" data-align=\"left\">0.1\u2103\uff0d42 \u2103&nbsp;<\/td><\/tr><tr><td class=\"has-text-align-left\" data-align=\"left\">12Column<\/td><\/tr><tr><td class=\"has-text-align-left\" data-align=\"left\"><strong>HEAT &nbsp;LID<\/strong><\/td><\/tr><tr><td class=\"has-text-align-left\" data-align=\"left\">Height Of Heat Lid<\/td><td class=\"has-text-align-left\" data-align=\"left\">Steplessly adjustable lid, accommodates PCR tubes, strips \uff06plates<\/td><\/tr><tr><td class=\"has-text-align-left\" data-align=\"left\">Lid Feature<\/td><td class=\"has-text-align-left\" data-align=\"left\">Innovative\u201cTOP-OPEN&nbsp;\u201ctechnology, protection&nbsp;from over-pressure<\/td><\/tr><tr><td class=\"has-text-align-left\" data-align=\"left\">Heat Lid Temp.Range<\/td><td class=\"has-text-align-left\" data-align=\"left\">30 \u2103\uff0d112 \u2103<\/td><\/tr><tr><td class=\"has-text-align-left\" data-align=\"left\">Auto Shut-off<\/td><td class=\"has-text-align-left\" data-align=\"left\">Lid will shut off automatically when the block falls or finish protocol<\/td><\/tr><tr><td class=\"has-text-align-left\" data-align=\"left\"><strong>SOFTWARE<\/strong><\/td><\/tr><tr><td class=\"has-text-align-left\" data-align=\"left\">Max.Number Of Programs<\/td><td class=\"has-text-align-left\" data-align=\"left\">Max.15, 000 programs onboard, unlimited storage of protocols with USB flash drive<\/td><\/tr><tr><td class=\"has-text-align-left\" data-align=\"left\">Max.Step<\/td><td class=\"has-text-align-left\" data-align=\"left\">30 Steps, multiple nesting cycles available<\/td><\/tr><tr><td class=\"has-text-align-left\" data-align=\"left\">Max.Cycle<\/td><td class=\"has-text-align-left\" data-align=\"left\">100 Typical Cycles,max.10,000nesting cycles<\/td><\/tr><tr><td class=\"has-text-align-left\" data-align=\"left\">Time.Increment\/decrement<\/td><td class=\"has-text-align-left\" data-align=\"left\">1\uff0d600 sec, available for Long PCR<\/td><\/tr><tr><td class=\"has-text-align-left\" data-align=\"left\">Temp.Increment\/decrement<\/td><td class=\"has-text-align-left\" data-align=\"left\">0.1\uff0d10.0\u2103, available for Touchdown PCR<\/td><\/tr><tr><td class=\"has-text-align-left\" data-align=\"left\">Auto Pause\/ Auto Restart<\/td><td class=\"has-text-align-left\" data-align=\"left\">Yes<\/td><\/tr><tr><td class=\"has-text-align-left\" data-align=\"left\">Multi-user Log In<\/td><td class=\"has-text-align-left\" data-align=\"left\">With Password-based authentication to protect personal protocols<\/td><\/tr><tr><td class=\"has-text-align-left\" data-align=\"left\">Tm Calculator<\/td><td class=\"has-text-align-left\" data-align=\"left\">Automatically calculates the melting \uff06annealing Temp.Of a pair of primers<\/td><\/tr><tr><td class=\"has-text-align-left\" data-align=\"left\">Hold at 4\u2103<\/td><td class=\"has-text-align-left\" data-align=\"left\">A&nbsp;below ambient temp. incubation allow PCR products&nbsp;storage overnight<\/td><\/tr><tr><td class=\"has-text-align-left\" data-align=\"left\">Program Wizard<\/td><td class=\"has-text-align-left\" data-align=\"left\">Pre-program templete make the editing very easy through modify several parameters<\/td><\/tr><tr><td class=\"has-text-align-left\" data-align=\"left\">Running Report<\/td><td class=\"has-text-align-left\" data-align=\"left\">Provide detailed reports of previously run protocols<\/td><\/tr><tr><td class=\"has-text-align-left\" data-align=\"left\">PC Connection<\/td><td class=\"has-text-align-left\" data-align=\"left\">Remote PC control to manage multiple units across the LAN network<\/td><\/tr><tr><td class=\"has-text-align-left\" data-align=\"left\"><strong>OTHER FEATURES<\/strong><\/td><\/tr><tr><td class=\"has-text-align-left\" data-align=\"left\">Power<\/td><td class=\"has-text-align-left\" data-align=\"left\">Global switch power supply:85V-265V,50-60Hz<\/td><\/tr><tr><td class=\"has-text-align-left\" data-align=\"left\">Consumption<\/td><td class=\"has-text-align-left\" data-align=\"left\">600w<\/td><\/tr><tr><td class=\"has-text-align-left\" data-align=\"left\">Dimensions(L\u00d7W\u00d7H)<\/td><td class=\"has-text-align-left\" data-align=\"left\">362\u00d7256\u00d7255mm<\/td><\/tr><tr><td class=\"has-text-align-left\" data-align=\"left\">Net Weight<\/td><td class=\"has-text-align-left\" data-align=\"left\">7.3KG<\/td><\/tr><\/tbody><\/table><\/figure>\n\n\n\n<figure class=\"wp-block-image size-large\"><img loading=\"lazy\" width=\"1024\" height=\"315\" src=\"http:\/\/longgene.com.tr\/wp-content\/uploads\/2021\/09\/longgene_references-1024x315.png\" alt=\"pcr, qpcr, rt pcr, qrt pcr, real time, real time per, thermal cycler, longgene, longGene.com.tr, ivd ce, biotechnology, LongGene europe, europe pcr, disgnostics, snp, absolute quantification, relative quantification, dna, cdna, thermal protocol, LongGene, long gene, end point pcr, covid19, fast pcr, polymerase chain reaction, Q1000, Q1000+, optimal, longgene turkey, LongGene europe\" class=\"wp-image-128\" srcset=\"https:\/\/longgene.com.tr\/wp-content\/uploads\/2021\/09\/longgene_references-1024x315.png 1024w, https:\/\/longgene.com.tr\/wp-content\/uploads\/2021\/09\/longgene_references-300x92.png 300w, https:\/\/longgene.com.tr\/wp-content\/uploads\/2021\/09\/longgene_references-768x236.png 768w, https:\/\/longgene.com.tr\/wp-content\/uploads\/2021\/09\/longgene_references-1536x472.png 1536w, https:\/\/longgene.com.tr\/wp-content\/uploads\/2021\/09\/longgene_references-2048x629.png 2048w, https:\/\/longgene.com.tr\/wp-content\/uploads\/2021\/09\/longgene_references-2000x615.png 2000w, https:\/\/longgene.com.tr\/wp-content\/uploads\/2021\/09\/longgene_references-1800x553.png 1800w\" sizes=\"(max-width: 1024px) 100vw, 1024px\" \/><\/figure>\n\n\n\n<p><strong>Related Links;<\/strong><\/p>\n\n\n\n<hr class=\"wp-block-separator is-style-wide\"\/>\n\n\n\n<div class=\"wp-block-buttons\">\n<div class=\"wp-block-button\"><a class=\"wp-block-button__link\" href=\"http:\/\/longgene.com.tr\/?page_id=276\">T20 DUAL BLOCK PCR<\/a><\/div>\n\n\n\n<div class=\"wp-block-button\"><a class=\"wp-block-button__link\" href=\"http:\/\/longgene.com.tr\/?page_id=279\">T30 TRIPLE BLOCK PCR<\/a><\/div>\n<\/div>\n\n\n\n<p><\/p>\n","protected":false},"excerpt":{"rendered":"<p>96 Well Gradient Thermal Cycler PCR Specifications Model Model&nbsp; A300 Optional Module 96 Module : 96 wells \u00d7 0.2ml (Std)9677 Module : 96 \u00d7 0.2ml + 77 \u00d7 0.5ml (Combi Block) Multi\uff0dpurpose Module : 9677 Module + In-situ Adapter384 Module : 384 wells Heating\uff06Cooling&nbsp;Technology New generation Peltier technology allow 1,000,000 [&hellip;]<\/p>\n","protected":false},"author":1,"featured_media":0,"parent":0,"menu_order":0,"comment_status":"closed","ping_status":"closed","template":"","meta":[],"_links":{"self":[{"href":"https:\/\/longgene.com.tr\/index.php?rest_route=\/wp\/v2\/pages\/273"}],"collection":[{"href":"https:\/\/longgene.com.tr\/index.php?rest_route=\/wp\/v2\/pages"}],"about":[{"href":"https:\/\/longgene.com.tr\/index.php?rest_route=\/wp\/v2\/types\/page"}],"author":[{"embeddable":true,"href":"https:\/\/longgene.com.tr\/index.php?rest_route=\/wp\/v2\/users\/1"}],"replies":[{"embeddable":true,"href":"https:\/\/longgene.com.tr\/index.php?rest_route=%2Fwp%2Fv2%2Fcomments&post=273"}],"version-history":[{"count":10,"href":"https:\/\/longgene.com.tr\/index.php?rest_route=\/wp\/v2\/pages\/273\/revisions"}],"predecessor-version":[{"id":793,"href":"https:\/\/longgene.com.tr\/index.php?rest_route=\/wp\/v2\/pages\/273\/revisions\/793"}],"wp:attachment":[{"href":"https:\/\/longgene.com.tr\/index.php?rest_route=%2Fwp%2Fv2%2Fmedia&parent=273"}],"curies":[{"name":"wp","href":"https:\/\/api.w.org\/{rel}","templated":true}]}}